{"id":276,"date":"2018-09-17T09:10:38","date_gmt":"2018-09-17T14:10:38","guid":{"rendered":"http:\/\/ugelputina.edu.pe\/site\/?page_id=276"},"modified":"2024-11-14T23:31:14","modified_gmt":"2024-11-15T04:31:14","slug":"mision-y-vision","status":"publish","type":"page","link":"https:\/\/ugelputina.edu.pe\/site\/?page_id=276","title":{"rendered":"Misi\u00f3n y Visi\u00f3n"},"content":{"rendered":"<ul>\n<li><span style=\"color: #000080;\"><strong>Misi\u00f3n:<\/strong><\/span><\/li>\n<\/ul>\n<p>La educaci\u00f3n en nuestra Provincia de San Antonio de Putina, forma personas con calidad humana, cient\u00edfica y productiva, con \u00e9nfasis en turismo y la actividad agropecuaria, contribuyendo al desarrollo sostenible de las comunidades, en armon\u00eda con la Pachamama, con enfoque intercultural e inclusivo, con\u00a0 la participaci\u00f3n concertada y comprometida de los padres de familia y dem\u00e1s actores educativos y comunales, basados en la relacionalidad, reciprocidad y responsabilidad.<\/p>\n<ul>\n<li><span style=\"color: #000080;\"><strong>\u00a0<\/strong><strong>Visi\u00f3n:<\/strong><\/span><\/li>\n<\/ul>\n<p>Somos una comunidad educadora intercultural comprometidos en la formaci\u00f3n de personas con calidad humana, que asumimos el liderazgo de la promoci\u00f3n del turismo y la actividad agropecuaria como ejes del desarrollo integral de la provincia a trav\u00e9s de una formaci\u00f3n cient\u00edfica productiva con docentes innovadores, competentes y \u00e9ticos basados en una formaci\u00f3n continua. Cuidemos la Pachamama como \u00fanico recurso que garantiza la existencia humana, dentro de los principios y valores de la cultura andina.<\/p>\n","protected":false},"excerpt":{"rendered":"<p>Misi\u00f3n: La educaci\u00f3n en nuestra Provincia de San Antonio de Putina, forma personas con calidad humana, cient\u00edfica y<\/p>\n","protected":false},"author":1,"featured_media":0,"parent":0,"menu_order":0,"comment_status":"closed","ping_status":"closed","template":"","meta":{"footnotes":""},"class_list":["post-276","page","type-page","status-publish","hentry"],"_links":{"self":[{"href":"https:\/\/ugelputina.edu.pe\/site\/index.php?rest_route=\/wp\/v2\/pages\/276","targetHints":{"allow":["GET"]}}],"collection":[{"href":"https:\/\/ugelputina.edu.pe\/site\/index.php?rest_route=\/wp\/v2\/pages"}],"about":[{"href":"https:\/\/ugelputina.edu.pe\/site\/index.php?rest_route=\/wp\/v2\/types\/page"}],"author":[{"embeddable":true,"href":"https:\/\/ugelputina.edu.pe\/site\/index.php?rest_route=\/wp\/v2\/users\/1"}],"replies":[{"embeddable":true,"href":"https:\/\/ugelputina.edu.pe\/site\/index.php?rest_route=%2Fwp%2Fv2%2Fcomments&post=276"}],"version-history":[{"count":2,"href":"https:\/\/ugelputina.edu.pe\/site\/index.php?rest_route=\/wp\/v2\/pages\/276\/revisions"}],"predecessor-version":[{"id":288,"href":"https:\/\/ugelputina.edu.pe\/site\/index.php?rest_route=\/wp\/v2\/pages\/276\/revisions\/288"}],"wp:attachment":[{"href":"https:\/\/ugelputina.edu.pe\/site\/index.php?rest_route=%2Fwp%2Fv2%2Fmedia&parent=276"}],"curies":[{"name":"wp","href":"https:\/\/api.w.org\/{rel}","templated":true}]}}