{"id":14,"date":"2023-09-03T19:44:00","date_gmt":"2023-09-04T00:44:00","guid":{"rendered":"http:\/\/ugelputina.edu.pe\/site\/?page_id=14"},"modified":"2024-11-14T23:31:14","modified_gmt":"2024-11-15T04:31:14","slug":"contacto","status":"publish","type":"page","link":"https:\/\/ugelputina.edu.pe\/site\/?page_id=14","title":{"rendered":"Materiales Educativos 2023"},"content":{"rendered":"\n<figure class=\"wp-block-table is-style-stripes\"><table class=\"has-luminous-vivid-amber-background-color has-background has-fixed-layout\"><thead><tr><th class=\"has-text-align-center\" data-align=\"center\">Documento<\/th><th class=\"has-text-align-center\" data-align=\"center\">Asunto<\/th><\/tr><\/thead><tbody><tr><td class=\"has-text-align-center\" data-align=\"center\"><a href=\"https:\/\/drive.google.com\/file\/d\/1xUDAwSdM125qwI1l2xbkMOa4VR4yaNGH\/view?usp=share_link\" target=\"_blank\" rel=\"noreferrer noopener\">OFICIO N\u00b0 007 -2023-MINEDU\/DREP-DUGEL-SAP-AGP<\/a><\/td><td class=\"has-text-align-center\" data-align=\"center\">Pautas, listado y habilitaci\u00f3n de espacios en la IIEE para la recepci\u00f3n de<br>material educativo 2023<br>lista de materiales educativos programados por niveles educativos podr\u00e1n<br>descargar en el siguiente enlace:<br><strong><a href=\"https:\/\/drive.google.com\/drive\/folders\/1btHIRKHBGGRKAJkI1F00dGFjPOcGjLxK\" target=\"_blank\" rel=\"noreferrer noopener\">Clic Aqu\u00ed<\/a><\/strong><\/td><\/tr><\/tbody><\/table><\/figure>\n\n\n\n<div data-wp-interactive=\"core\/file\" class=\"wp-block-file\"><object data-wp-bind--hidden=\"!state.hasPdfPreview\" hidden class=\"wp-block-file__embed\" data=\"https:\/\/ugelputina.edu.pe\/site\/wp-content\/uploads\/2023\/03\/comunicado-distribucion-materiales-2023-1.pdf\" type=\"application\/pdf\" style=\"width:100%;height:600px\" aria-label=\"Incrustado de comunicado-distribucion-materiales-2023-1.\"><\/object><a id=\"wp-block-file--media-685f45a8-19fd-4e4a-8b92-a2760c1280dd\" href=\"https:\/\/ugelputina.edu.pe\/site\/wp-content\/uploads\/2023\/03\/comunicado-distribucion-materiales-2023-1.pdf\">comunicado-distribucion-materiales-2023-1<\/a><a href=\"https:\/\/ugelputina.edu.pe\/site\/wp-content\/uploads\/2023\/03\/comunicado-distribucion-materiales-2023-1.pdf\" class=\"wp-block-file__button wp-element-button\" download aria-describedby=\"wp-block-file--media-685f45a8-19fd-4e4a-8b92-a2760c1280dd\">Descarga<\/a><\/div>\n","protected":false},"excerpt":{"rendered":"<p>Documento Asunto OFICIO N\u00b0 007 -2023-MINEDU\/DREP-DUGEL-SAP-AGP Pautas, listado y habilitaci\u00f3n de espacios en la IIEE para la recepci\u00f3n<\/p>\n","protected":false},"author":1,"featured_media":5416,"parent":0,"menu_order":0,"comment_status":"closed","ping_status":"closed","template":"","meta":{"footnotes":""},"class_list":["post-14","page","type-page","status-publish","has-post-thumbnail","hentry"],"_links":{"self":[{"href":"https:\/\/ugelputina.edu.pe\/site\/index.php?rest_route=\/wp\/v2\/pages\/14","targetHints":{"allow":["GET"]}}],"collection":[{"href":"https:\/\/ugelputina.edu.pe\/site\/index.php?rest_route=\/wp\/v2\/pages"}],"about":[{"href":"https:\/\/ugelputina.edu.pe\/site\/index.php?rest_route=\/wp\/v2\/types\/page"}],"author":[{"embeddable":true,"href":"https:\/\/ugelputina.edu.pe\/site\/index.php?rest_route=\/wp\/v2\/users\/1"}],"replies":[{"embeddable":true,"href":"https:\/\/ugelputina.edu.pe\/site\/index.php?rest_route=%2Fwp%2Fv2%2Fcomments&post=14"}],"version-history":[{"count":6,"href":"https:\/\/ugelputina.edu.pe\/site\/index.php?rest_route=\/wp\/v2\/pages\/14\/revisions"}],"predecessor-version":[{"id":5468,"href":"https:\/\/ugelputina.edu.pe\/site\/index.php?rest_route=\/wp\/v2\/pages\/14\/revisions\/5468"}],"wp:featuredmedia":[{"embeddable":true,"href":"https:\/\/ugelputina.edu.pe\/site\/index.php?rest_route=\/wp\/v2\/media\/5416"}],"wp:attachment":[{"href":"https:\/\/ugelputina.edu.pe\/site\/index.php?rest_route=%2Fwp%2Fv2%2Fmedia&parent=14"}],"curies":[{"name":"wp","href":"https:\/\/api.w.org\/{rel}","templated":true}]}}